{"id":18,"date":"2013-07-05T16:16:13","date_gmt":"2013-07-05T19:16:13","guid":{"rendered":"http:\/\/www.revistahcsm.coc.fiocruz.br\/ingles\/?page_id=18"},"modified":"2017-06-28T11:46:05","modified_gmt":"2017-06-28T14:46:05","slug":"about-us","status":"publish","type":"page","link":"https:\/\/revistahcsm.coc.fiocruz.br\/english\/about-us\/","title":{"rendered":"About Us"},"content":{"rendered":"<p><i>Hist\u00f3ria<\/i><i>, Ci\u00eancias, Sa\u00fade \u2013 Manguinhos<\/i>\u00a0(History, Sciences, Health <i>\u2013\u00a0<\/i>Manguinhos) is a quarterly publication of the Casa de Oswaldo Cruz, a division within the\u00a0<a href=\"http:\/\/www.fiocruz.br\/\" target=\"_blank\" rel=\"noopener noreferrer\">Oswaldo Cruz Foundation<\/a>\u00a0devoted to documentation and research in the history of science and health and also to science communication.<\/p>\n<p>Launched in 1994, the journal is published in both print and digital formats (available at the SciELO portal: <a href=\"http:\/\/www.scielo.br\/hcsm\">www.scielo.br\/hcsm<\/a>) and is indexed in Brazil and abroad. The essence of the journal is captured by the words \u201chistory,\u201d \u201cscience,\u201d and \u201chealth.\u201d HCSM\u2019s concept of history reflects a perspective and a way of observing, interpreting, and addressing things that is common to a gamut of academic fields and professionals. Although the life sciences are its key focus, the journal also opens its pages to fields of knowledge that share ties with the historical approach.<\/p>\n<p>In its print version, the journal\u2019s graphic project incorporates architectural elements from the Moorish castle known as Manguinhos \u2013 the historic landmark in Brazilian science from which the journal derives its name and which is home to the Oswaldo Cruz Foundation in Rio de Janeiro. In recent years, in addition to architectural details from the castle, our covers have featured photographs, paintings, and illustrations of subjects presented in the pages of our journal.<\/p>\n<p>HCSM endeavors to bring together readers and contributors from an array of fields \u2013 for example, history, medicine, sociology, public health, anthropology, and philosophy \u2013 all of whom share a commitment to today\u2019s notable trend to eliminate the barriers between diverse forms of knowledge.<\/p>\n<p><em>HCSM <\/em>publishes original articles and research notes, documents and images of historical value, debates, interviews, book reviews, and digital production of relevance to the history of science and health.<\/p>\n<p>Manuscripts submitted to journal departments are evaluated by members of the Editorial Board and by <i>ad hoc <\/i>peer reviewers. When changes or corrections are suggested, the original is returned to the author(s). The editors reserve the right to edit submissions in accordance with the journal\u2019s guidelines (including length). Changes will not modify style or content.<\/p>\n<p>Publication assigns full copyright in all languages to the Casa de Oswaldo Cruz.<\/p>\n<p>&nbsp;<\/p>\n<p><b>CONTACT<\/b><\/p>\n<p>Casa de Oswaldo Cruz \u2013 Pr\u00e9dio do Rel\u00f3gio<br \/>\nAv. Brasil, 4365<br \/>\n21040-900 Rio de Janeiro \u2013 RJ Brazil<br \/>\nTel\/Fax: +55 (21) 3865-2208 \u2013 Tel.: (21) 3865-2194\/3865-2181<br \/>\nE-mail: hscience@coc.fiocruz.br<\/p>\n<p>Internet:<br \/>\n<a href=\"http:\/\/www.coc.fiocruz.br\/hscience\" target=\"_blank\" rel=\"noopener noreferrer\">www.coc.fiocruz.br\/<wbr \/>hscience<br \/>\n<\/a><a href=\"http:\/\/www.scielo.br\/hcsm\" target=\"_blank\" rel=\"noopener noreferrer\">www.scielo.br\/hcsm<br \/>\n<\/a><a href=\"http:\/\/www.revistahcsm.coc.fiocruz.br\/ \" target=\"_blank\" rel=\"noopener noreferrer\">www.revistahcsm.coc.fiocruz.br<br \/>\n<\/a><a href=\"http:\/\/www.facebook.com\/RevistaHCSM\" target=\"_blank\" rel=\"noopener noreferrer\">www.facebook.com\/revistahcsm<br \/>\n<\/a><a href=\"https:\/\/twitter.com\/revistaHCSM\" target=\"_blank\" rel=\"noopener noreferrer\">www.twitter.com\/revistahcsm<\/a><\/p>\n<p>&nbsp;<\/p>\n<p><b>EDITORIAL COMMITTEE<\/b><\/p>\n<p>SCIENCE EDITORS<br \/>\n<em><em>Andr\u00e9 Felipe C\u00e2ndido da Silva<\/em><br \/>\n<\/em>Casa de Oswaldo Cruz\/Fiocruz<br \/>\n<em>Marcos Cueto<br \/>\n<\/em>Universidad Peruana Cayetano Heredia, Lima | Casa de Oswaldo Cruz\/Fiocruz<\/p>\n<p>EXECUTIVE EDITOR<br \/>\n<em>Roberta Cardoso Cerqueira<br \/>\n<\/em>Casa de Oswaldo Cruz\/Fiocruz<\/p>\n<p>&nbsp;<\/p>\n<p><b><b>BLOG STAFF<\/b><\/b><\/p>\n<p>CONTENT EDITORS<br \/>\n<em>Andr\u00e9 Felipe C\u00e2ndido da Silva, Marcos Cueto, Roberta Cardoso Cerqueira, Marina Lemle, Vivian Mannheimer and Camilo Papi<\/em><\/p>\n<p>COPY EDITORS<br \/>\n<em><em><em><em>M\u00f4nica S. Auler, Vin\u00edcius Renaud e\u00a0<\/em>Miriam Junghans<\/em><\/em><\/em><\/p>\n<p>&nbsp;<\/p>\n<p><strong>PARTNERS<\/strong><\/p>\n<p style=\"text-align: center;\"><img loading=\"lazy\" decoding=\"async\" class=\"alignnone wp-image-7645\" src=\"http:\/\/www.revistahcsm.coc.fiocruz.br\/english\/wp-content\/uploads\/2013\/07\/LogoFiocruz-1.jpg\" alt=\"\" width=\"200\" height=\"66\" \/>\u00a0 \u00a0 \u00a0 \u00a0 \u00a0\u00a0<img loading=\"lazy\" decoding=\"async\" class=\"alignnone wp-image-7646\" src=\"http:\/\/www.revistahcsm.coc.fiocruz.br\/english\/wp-content\/uploads\/2013\/07\/CNPq_transparente-1.png\" alt=\"\" width=\"154\" height=\"66\" \/>\u00a0 \u00a0 \u00a0 \u00a0 \u00a0 \u00a0\u00a0<img loading=\"lazy\" decoding=\"async\" class=\"alignnone wp-image-7643\" src=\"http:\/\/www.revistahcsm.coc.fiocruz.br\/english\/wp-content\/uploads\/2013\/07\/Capes-mec-gf-72012wwww.png\" alt=\"\" width=\"72\" height=\"66\" \/><\/p>\n<p style=\"text-align: center;\"><a href=\"http:\/\/www.revistahcsm.coc.fiocruz.br\/wp-content\/uploads\/2013\/04\/sticker_scielo15_140x140_pt.gif\"><img loading=\"lazy\" decoding=\"async\" class=\"\" src=\"http:\/\/www.revistahcsm.coc.fiocruz.br\/wp-content\/uploads\/2013\/04\/sticker_scielo15_140x140_pt.gif\" alt=\"sticker_scielo15_140x140_pt\" width=\"106\" height=\"106\" \/><\/a>\u00a0 \u00a0 \u00a0 \u00a0\u00a0<img loading=\"lazy\" decoding=\"async\" class=\"alignnone wp-image-7644\" src=\"http:\/\/www.revistahcsm.coc.fiocruz.br\/english\/wp-content\/uploads\/2013\/07\/logo_faperj_pb.jpg\" alt=\"\" width=\"163\" height=\"66\" \/>\u00a0 \u00a0 \u00a0 \u00a0\u00a0<img loading=\"lazy\" decoding=\"async\" class=\"alignnone wp-image-7647\" src=\"http:\/\/www.revistahcsm.coc.fiocruz.br\/english\/wp-content\/uploads\/2013\/07\/ipea-logo.jpg\" alt=\"\" width=\"114\" height=\"66\" \/><a title=\"Ipea\" href=\"http:\/\/www.ipea.gov.br\/\" target=\"_blank\" rel=\"noopener noreferrer\"><br \/>\n<\/a><\/p>\n<p>&nbsp;<\/p>\n","protected":false},"excerpt":{"rendered":"<p>Hist\u00f3ria, Ci\u00eancias, Sa\u00fade \u2013 Manguinhos\u00a0(History, Sciences, Health \u2013\u00a0Manguinhos) is a quarterly publication of the Casa de Oswaldo Cruz, a division within the\u00a0Oswaldo Cruz Foundation\u00a0devoted to documentation and research in the history of science and health and also to science communication. Launched in 1994, the journal is published in both print and digital formats (available at [&hellip;]<\/p>\n","protected":false},"author":4,"featured_media":0,"parent":0,"menu_order":0,"comment_status":"open","ping_status":"open","template":"","meta":{"_price":"","_stock":"","_tribe_ticket_header":"","_tribe_default_ticket_provider":"","_tribe_ticket_capacity":"0","_ticket_start_date":"","_ticket_end_date":"","_tribe_ticket_show_description":"","_tribe_ticket_show_not_going":false,"_tribe_ticket_use_global_stock":"","_tribe_ticket_global_stock_level":"","_global_stock_mode":"","_global_stock_cap":"","_tribe_rsvp_for_event":"","_tribe_ticket_going_count":"","_tribe_ticket_not_going_count":"","_tribe_tickets_list":"[]","_tribe_ticket_has_attendee_info_fields":false,"footnotes":"","_tec_slr_enabled":"","_tec_slr_layout":""},"class_list":["post-18","page","type-page","status-publish","hentry"],"ticketed":false,"_links":{"self":[{"href":"https:\/\/revistahcsm.coc.fiocruz.br\/english\/wp-json\/wp\/v2\/pages\/18","targetHints":{"allow":["GET"]}}],"collection":[{"href":"https:\/\/revistahcsm.coc.fiocruz.br\/english\/wp-json\/wp\/v2\/pages"}],"about":[{"href":"https:\/\/revistahcsm.coc.fiocruz.br\/english\/wp-json\/wp\/v2\/types\/page"}],"author":[{"embeddable":true,"href":"https:\/\/revistahcsm.coc.fiocruz.br\/english\/wp-json\/wp\/v2\/users\/4"}],"replies":[{"embeddable":true,"href":"https:\/\/revistahcsm.coc.fiocruz.br\/english\/wp-json\/wp\/v2\/comments?post=18"}],"version-history":[{"count":17,"href":"https:\/\/revistahcsm.coc.fiocruz.br\/english\/wp-json\/wp\/v2\/pages\/18\/revisions"}],"predecessor-version":[{"id":7648,"href":"https:\/\/revistahcsm.coc.fiocruz.br\/english\/wp-json\/wp\/v2\/pages\/18\/revisions\/7648"}],"wp:attachment":[{"href":"https:\/\/revistahcsm.coc.fiocruz.br\/english\/wp-json\/wp\/v2\/media?parent=18"}],"curies":[{"name":"wp","href":"https:\/\/api.w.org\/{rel}","templated":true}]}}